{"id":288,"date":"2020-12-16T14:16:24","date_gmt":"2020-12-16T14:16:24","guid":{"rendered":"https:\/\/filebooms.com\/?page_id=288"},"modified":"2020-12-16T14:17:44","modified_gmt":"2020-12-16T14:17:44","slug":"fileboom-premium-account-your-definite-file-hosting-tool","status":"publish","type":"page","link":"https:\/\/filebooms.com\/de\/","title":{"rendered":"Fileboom Premium Account: Ihr definitives Datei Hosting Tool"},"content":{"rendered":"\n<figure class=\"wp-block-image\"><img src=\"https:\/\/lh3.googleusercontent.com\/jxOot4IImVmy15-5FQaA9IHMJgSrrnH5fdfldPvu0lDklq8Jb0eT3adhqMp3amq9XCPsV_Ljkzg9cp_CXLIzS3wLC6zvTWSl7RMWHOs0Re5WMAqOPzr2y7ZRJsYPwcSGngc1R48\" alt=\"Cloud Storage\" title=\"Cloud Storage\"\/><\/figure>\n\n\n\n<p>Das Speichern von Dateien hat sich stark verbreitet, als durch den Fortschritt der Technologie fast alles auf virtuell umgestellt wurde. In der heutigen Zeit werden t\u00e4glich viele Dateien erstellt &#8211; von der einfachen Aufnahme von Fotos und Videos, um sich an einen Moment zu erinnern, \u00fcber die Erstellung eines Dokuments f\u00fcr schulische Anforderungen bis hin zum Speichern und \u00dcbertragen von Dateien f\u00fcr die Arbeit und vieles mehr. Aus diesem Grund ist die Dateispeicherung bereits ein wichtiger Teil des Lebens geworden. Die Dateispeicherung erfolgt in der Regel durch das Speichern von Dateien \u00fcber Computerspeicher, USB-Sticks, Festplatten oder Speicherkarten. Allerdings gibt es jetzt eine L\u00f6sung f\u00fcr die Dateispeicherung, die definitiv problemlos ist: das Speichern von Dateien \u00fcber einen Cloud-Speicher. Dies bedeutet einfach, dass Sie Ihre Dateien jederzeit, \u00fcberall und auf jedem Ger\u00e4t speichern und darauf zugreifen k\u00f6nnen, solange es \u00fcber eine Internetverbindung verf\u00fcgt. Damit m\u00fcssen Sie sich nicht mehr darum k\u00fcmmern, Ihre Speicherlaufwerke zur\u00fcckzulassen, und es steht Ihnen auch viel mehr Speicherplatz zur Verf\u00fcgung. Diese Art von Speicherl\u00f6sung wird Ihnen von Fileboom zur Verf\u00fcgung gestellt.<\/p>\n\n\n<a class=\"maxbutton-1 maxbutton maxbutton-cta\" target=\"_blank\" rel=\"nofollow noopener\" href=\"\/go\/\"><span class='mb-text'>&gt;&gt; Gehen Sie zur Original Fileboom.me Website<\/span><\/a>\n\n\n<p><\/p>\n\n\n\n<h2>\u00dcber Fileboom<\/h2>\n\n\n\n<figure class=\"wp-block-image\"><img src=\"https:\/\/lh3.googleusercontent.com\/4BrSW47drulosP6CFKKlBUD-dNoNrhGdG2JFaHM1QgvJi24ZRGbev3DO4BLEdrrJVDJED3MeYDbTdwAmJnO_EXlO27qqxvcPT24pkIVqHYb5WK_u2MEBoDvHJJRRHJcRbiU6zPM\" alt=\"Fileboom logo\" title=\"Fileboom logo\"\/><\/figure>\n\n\n\n<p>Fileboom ist seit Jahren ein zuverl\u00e4ssiger <a href=\"https:\/\/en.wikipedia.org\/wiki\/File_hosting_service\" target=\"_blank\" rel=\"noreferrer noopener\">Filehosting-Anbieter<\/a> f\u00fcr sechs Jahre jetzt mit einem kontinuierlichen Wachstum der Benutzer. Es wurde im Jahr 2014 in Edinburgh gegr\u00fcndet und hat sich zum Ziel gesetzt, Menschen auf der ganzen Welt eine hervorragende und sichere Cloud-Speicher-Software anzubieten. Abgesehen von der reinen Dateispeicherung, bietet es auch zus\u00e4tzliche Dienste wie Dateidownloads, Dateifreigabe, maximale Geschwindigkeit und mehr. Und das Beste daran ist, dass es st\u00e4ndig mit den neuesten Sicherheitsprotokollen aktualisiert wird, um die Dateien der Benutzer streng zu sch\u00fctzen.<\/p>\n\n\n\n<h2>Allgemeine Merkmale von Fileboom<\/h2>\n\n\n\n<ol><li>Einfach zu bedienende Plattform. Fileboom wurde benutzerfreundlich gestaltet, so dass es von jedem ohne Probleme genutzt werden kann. Sie k\u00f6nnen sich leicht mit den Drehungen und Wendungen von Fileboom vertraut machen, auch wenn Sie keine technischen Kenntnisse haben.<\/li><li>Schnelle und m\u00fchelose Registrierung. Die Anmeldung f\u00fcr ein Konto bei Fileboom dauert nur eine Weile und erfordert nur ein paar einfache Schritte. Es sind auch viele Zahlungsmethoden verf\u00fcgbar, so dass Sie einfach w\u00e4hlen k\u00f6nnen, welche Option f\u00fcr Sie funktioniert.<\/li><li>Macht gespeicherte Dateien leicht zug\u00e4nglich. Fileboom bietet Ihnen ein Cloud-Speichersystem, damit Sie Ihre Dateien online speichern k\u00f6nnen. Damit k\u00f6nnen Sie jederzeit und \u00fcberall auf Ihre Dateien zugreifen. Sie k\u00f6nnen einfach auf Ihre Dateien auf jedem Ger\u00e4t zugreifen, sei es ein Laptop oder ein Handy, indem Sie einfach auf die Fileboom Website online gehen.<\/li><li>Hochgradig gesch\u00fctzt. Fileboom misst dem Datenschutz und der Privatsph\u00e4re gro\u00dfe Bedeutung und Priorit\u00e4t bei. Sein System ist mit Anti-Malware ausgestattet, um die Software vor unbefugtem Zugriff von Hackern oder externen Netzwerken zu sch\u00fctzen. Es versichert Ihnen, dass Dateien privat gehalten werden und nur von Ihnen eingesehen werden k\u00f6nnen (es sei denn, Sie geben sie absichtlich an andere Benutzer weiter). Es setzt au\u00dferdem strikt Sicherheitsprotokolle ein, um sicherzustellen, dass nur legale Aktionen innerhalb des Systems durchgef\u00fchrt werden. Es ist nicht erlaubt, illegale Dateien wie Pornografie, Nacktheit, Gewalt, anst\u00f6\u00dfige Dateien und dergleichen hochzuladen.<img loading=\"lazy\" width=\"232\" height=\"154\" alt=\"Secured Cloud Storage\" src=\"https:\/\/lh5.googleusercontent.com\/wsdQooJWYVSPD-z6yL3QeZltmWndS7hLD1TyBOnEE2G1bMwOe0yw3YNwFNeoiP5xli1eCxl_K11rEzCVMNRnQB4ybiVIYkhk-dRTm4rMFIzIHyJpG_jH0l2BbM4wZdV94R3U-yk\"><\/li><li>Erh\u00f6ht die Download-Geschwindigkeit. Fileboom bietet eine Download-Geschwindigkeit von 100 MB pro Sekunde in einem kostenlosen Konto und stellt die maximale Download-Geschwindigkeit in einem Premium-Konto zur Verf\u00fcgung. Es l\u00e4dt 50 KB\/Sekunde in kostenlos bis zu 750 KB &#8211; 1,5 MB\/Sekunde in Premium herunter.<\/li><li>Erschwingliche Premium-Konten. Fileboom-Premium-Konten sind preislich so niedrig wie $ 0,31\/Tag, dass sogar Studenten sicher davon Gebrauch machen k\u00f6nnen. Die Kosten der Pl\u00e4ne variieren mit der L\u00e4nge der Laufzeit. Beachten Sie: je l\u00e4nger der Abo-Plan, desto h\u00f6her der Rabatt, den Sie bekommen k\u00f6nnen und desto g\u00fcnstiger der Preis. Die Preise sind sicherlich leicht f\u00fcr Ihre Tasche und der Service, den es bieten wird, wird sicherlich Ihre Dollars wert sein.<\/li><li>Transparente Benutzeroberfl\u00e4che. Fileboom ist f\u00fcr seine Benutzer transparent, da es Berichte und Details zu Ihren Dateien bereitstellt. Es zeigt den Dateinamen, die Dateigr\u00f6\u00dfe, die Zeit des Uploads und dergleichen. Es gibt Ihnen auch die volle Kontrolle \u00fcber Ihre Dateien, so dass Sie sie nach Ihren W\u00fcnschen organisieren k\u00f6nnen.<\/li><li>Zuverl\u00e4ssiger Kundendienst. Hilfe und Support sind innerhalb der Software leicht verf\u00fcgbar. Es gibt ein FAQ-Frage- und Hilfszentrum in der Plattform, um h\u00e4ufige Probleme sofort zu l\u00f6sen und Sie anzuleiten. Wenn Ihr Problem jedoch nicht durch das automatisierte Hilfesystem beantwortet werden kann, dann k\u00f6nnen Sie das Supportsystem per E-Mail kontaktieren und es wird so schnell wie m\u00f6glich antworten und Ihnen bei Ihren Anliegen helfen.<\/li><\/ol>\n\n\n\n<h2>Er\u00f6ffnen eines Kontos in Fileboom<\/h2>\n\n\n\n<p>Die Registrierung und der Beitritt zu Fileboom ist einfach und dauert nur ein paar Minuten. Sie m\u00fcssen nur allgemeine Details wie Ihren Namen und Ihre E-Mail-Adresse angeben und ein Passwort einrichten. Anschlie\u00dfend wird eine Best\u00e4tigungsmail an Ihre E-Mail gesendet, um Ihr Konto zu verifizieren. Danach k\u00f6nnen Sie ganz einfach ein Upgrade auf ein Fileboom-Premium-Abo durchf\u00fchren, indem Sie den gew\u00fcnschten Plan ausw\u00e4hlen und mit der Bezahlung fortfahren. Sie k\u00f6nnen per Mastercard, Visa-Karte, American Express, Discover oder JCB bezahlen. Sie k\u00f6nnen auch mit Bitcoin oder \u00fcber Paypal bezahlen. Zahlungen sind zu 100% gesichert und werden sofort verarbeitet. Sobald die Zahlung best\u00e4tigt ist, wird Ihr Fileboom-Konto automatisch auf die Premium-Version hochgestuft und Sie k\u00f6nnen sofort beginnen, die Dienste und Funktionen zu nutzen.<\/p>\n\n\n\n<h2>Fileboom Kostenloses Konto vs. Fileboom Premium Konto<\/h2>\n\n\n\n<figure class=\"wp-block-table\"><table><tbody><tr><td><\/td><td>Kostenloses Konto<\/td><td>Premium Konto<\/td><\/tr><tr><td>Download Geschwindigkeit<\/td><td>100 MB \/ sec.<\/td><td>Maximal und unbegrenzt<\/td><\/tr><tr><td>Parallel Downloads<\/td><td>\u274c: Not allowed<\/td><td>\u2714\ufe0f: Unlimited<\/td><\/tr><tr><td>Limit herunterladen<\/td><td>1 Datei pro Stunde<\/td><td>20 GB Gesamtdateigr\u00f6\u00dfe pro Tag<\/td><\/tr><tr><td>Direkte Download-Links<\/td><td>\u274c: Nicht unterst\u00fctzt<\/td><td>\u2714\ufe0f: Unterst\u00fctzt<\/td><\/tr><tr><td>Start des Downloads<\/td><td>Bei Verz\u00f6gerungen<\/td><td>Beginnt sofort<\/td><\/tr><tr><td>Play\/ Pause\/ Stop Download Funktion<\/td><td>\u274c: Nicht verf\u00fcgbar<\/td><td>\u2714\ufe0f: Fortsetzungsf\u00e4higer Download<\/td><\/tr><tr><td>Download von Drittanbietern<\/td><td>\u274c: Nicht unterst\u00fctzt<\/td><td>\u2714\ufe0f: Unterst\u00fctzt<\/td><\/tr><tr><td>Pop-up-Anzeigen und Captchas<\/td><td>\u2714\ufe0f: mit Werbeeinblendungen und Captchas von Zeit zu Zeit<\/td><td>\u274c: Keine Werbeunterbrechungen<\/td><\/tr><tr><td>Dateigr\u00f6\u00dfe pro Upload\/ Download<\/td><td>500 MB jede Datei<\/td><td>5 GB jede Datei<\/td><\/tr><tr><td>Wartezeit f\u00fcr Download<\/td><td>30 Sekunden<\/td><td>Keine; der Download startet sofort<\/td><\/tr><tr><td>Dateiablage Dauer<\/td><td>1 Monat<\/td><td>3 Monate<\/td><\/tr><\/tbody><\/table><\/figure>\n\n\n\n<h2>Fileboom Premium Konto Pl\u00e4ne<\/h2>\n\n\n\n<p>Fileboom bietet vier verschiedene Tarife an, die je nach Dauer der Nutzung von 3 Tagen bis zu einem Jahr reichen. Die Preise variieren von nur $6,90 bis zu $113,95. Die Kosten sind bei den l\u00e4ngeren Pl\u00e4nen deutlich g\u00fcnstiger. Hier ist die Aufschl\u00fcsselung der Preise und L\u00e4nge aller Pl\u00e4ne:<\/p>\n\n\n<a class=\"maxbutton-1 maxbutton maxbutton-cta\" target=\"_blank\" rel=\"nofollow noopener\" href=\"\/go\/\"><span class='mb-text'>&gt;&gt; Gehen Sie zur Original Fileboom.me Website<\/span><\/a>\n\n\n<p><\/p>\n\n\n\n<figure class=\"wp-block-table\"><table><tbody><tr><td>Dauer des Premiumplans<\/td><td>Kosten pro Tag<\/td><td>Gesamtpreis<\/td><\/tr><tr><td>3 Tage<\/td><td>$2.32\/ Tag<\/td><td>$6.90<\/td><\/tr><tr><td>30 Tage<\/td><td>$0.56\/ Tag<\/td><td>$16.95<\/td><\/tr><tr><td>90 Tage<\/td><td>$0.47\/ Tag<\/td><td>$41.95<\/td><\/tr><tr><td>365 Tage<\/td><td>$0.31\/ Tag<\/td><td>$113.95<\/td><\/tr><\/tbody><\/table><\/figure>\n\n\n\n<h2>Vorteile des Fileboom Premium Kontos<\/h2>\n\n\n\n<ul><li>Maximale Download Geschwindigkeit<\/li><li>Kann gleichzeitig herunterladen<\/li><li>T\u00e4glich bis zu 20 GB an Dateien herunterladen<\/li><li>Direkte Links sind verf\u00fcgbar<\/li><li>Keine Wartezeit beim Up und Download, es wird sofort gestartet<\/li><li>Keine St\u00f6rung durch Captchas und Werbe-Pop-ups<\/li><li>Das Herunterladen kann fortgesetzt werden<\/li><li>Download Manager verf\u00fcgbar<\/li><li>Upload und Download bis zu einer Dateigr\u00f6\u00dfe von 5 GB<\/li><li>Das L\u00f6schen von Dateien erfolgt nur innerhalb von 90 Tagen<\/li><li><a href=\"https:\/\/en.wikipedia.org\/wiki\/Hypertext_Transfer_Protocol\" target=\"_blank\" rel=\"noreferrer noopener\">HTTP<\/a> und <a href=\"https:\/\/en.wikipedia.org\/wiki\/File_Transfer_Protocol\" target=\"_blank\" rel=\"noreferrer noopener\">FTP<\/a> unterst\u00fctzt<\/li><\/ul>\n\n\n\n<h2>Hochladen und Herunterladen von Dateien in Fileboom<\/h2>\n\n\n\n<p>Das Hochladen und Herunterladen von Dateien ist in Fileboom ein Kinderspiel. Die Plattform ist so konzipiert, dass sie so einfach und effizient wie m\u00f6glich ist. Das Hochladen von Dateien kann leicht durch eine Drop-and-Drag-Funktion erfolgen. Sie m\u00fcssen nur in den Upload-Bereich gehen und die Dateien ziehen, die Sie hochladen m\u00f6chten. Sie k\u00f6nnen mehrere Dateien auf einmal hochladen. Zum Herunterladen wird unter jeder Datei in Ihrem Konto oder Ihrer Datenbank eine Schaltfl\u00e4che zum Herunterladen angezeigt. Wenn Sie die Datei herunterladen m\u00f6chten, m\u00fcssen Sie nur auf die Download-Schaltfl\u00e4che klicken und der Download wird automatisch gestartet.<\/p>\n\n\n\n<p>Die Upload- und Download-Einstellungen sind f\u00fcr kostenlose und Premium-Konten gleich, aber es variiert, wenn es um die Geschwindigkeit und Leistung geht. Premium-Konten werden sicherlich schneller sein und bieten mehr Funktionen wie parallele Downloads, gr\u00f6\u00dfere Download-Gr\u00f6\u00dfe pro Datei oder pro Tag, wiederaufnehmbar und mehr.<\/p>\n\n\n\n<h2>Datei Verwaltung<\/h2>\n\n\n\n<p>Sie haben die volle Kontrolle \u00fcber Ihre Dateien in Fileboom. Alle im System hochgeladenen Dateien sind nur f\u00fcr Sie zug\u00e4nglich. Sie k\u00f6nnen w\u00e4hlen, wie Sie Ihre Dateien organisieren m\u00f6chten. Sie k\u00f6nnen Ordner erstellen, um Ihre Dateien zu gruppieren, damit Sie in Zukunft leicht auf sie zugreifen k\u00f6nnen, und Sie k\u00f6nnen auch die Dateinamen \u00e4ndern. Die Suchfunktion ist ebenfalls verf\u00fcgbar, so dass Sie Ihre Dateien durchsuchen und leicht wiederfinden k\u00f6nnen.<\/p>\n\n\n\n<h2>Letztes Wort \u00fcber Fileboom<\/h2>\n\n\n\n<p>Fileboom ist definitiv einer der besten, erschwinglichen und hochsicheren Filehosting-Anbieter, die es da drau\u00dfen gibt. Es bietet fast alle Dienste, die Sie f\u00fcr die Speicherung von Dateien ben\u00f6tigen: gro\u00dfer Speicherplatz, maximale Geschwindigkeit, gro\u00dfe Bandbreite, gesch\u00fctztes System und vieles mehr. Genie\u00dfen Sie alle Vorteile und machen Sie Ihre Cloud-Speichererfahrung mit dem Fileboom Premium-Konto lohnenswert.<\/p>\n\n\n\n<h2>H\u00e4ufig gestellte Fragen (FAQs) \u00fcber Fileboom<\/h2>\n\n\n\n<h3>Was ist Fileboom?<\/h3>\n\n\n\n<p>Fileboom ist ein Filehosting Anbieter, der eine <a href=\"https:\/\/en.wikipedia.org\/wiki\/Cloud_storage\" target=\"_blank\" rel=\"noreferrer noopener\">Cloud Speicher<\/a> System f\u00fcr Ihre Dateien, so dass Sie Dateien online speichern, hoch- oder herunterladen k\u00f6nnen und jederzeit und \u00fcberall leicht darauf zugreifen k\u00f6nnen. Es bietet auch eine viel schnellere Download-Geschwindigkeit und gr\u00f6\u00dferen Speicherplatz, um die Dateispeicherung effizienter zu machen.<\/p>\n\n\n\n<h3>Ist Fileboom kostenlos?<\/h3>\n\n\n\n<p>Ja, es kann ohne Geb\u00fchren \u00fcber ein kostenloses Konto genutzt werden, allerdings sind die Dienste sehr begrenzt. Wenn Sie den Cloud Speicher und was Fileboom zu bieten hat, genie\u00dfen m\u00f6chten, ist es sehr empfehlenswert, dass Sie ein Upgrade auf ein Premium-Konto.<\/p>\n\n\n\n<h3>Wie kann ich das Fileboom Premium Konto in Anspruch nehmen?<\/h3>\n\n\n\n<p>Zun\u00e4chst m\u00fcssen Sie sich registrieren und Ihr Konto auf ein Premium-Konto upgraden. W\u00e4hlen Sie den gew\u00fcnschten Premium-Plan aus und bezahlen Sie diesen \u00fcber die verf\u00fcgbaren Zahlungsmethoden (Visa, Mastercard, American Express, Bitcoin, Paypal, JCB, Discover). Wenn die Zahlung erfolgreich ist, wird Ihr Konto sofort auf eine Premium-Version hochgestuft.<\/p>\n\n\n\n<h3>Wie kann ich den Fileboom Kundendienst kontaktieren?<\/h3>\n\n\n\n<p>Wenn Sie auf Probleme sto\u00dfen und Hilfe ben\u00f6tigen, k\u00f6nnen Sie sich per E-Mail mit dem Support-System in Verbindung setzen. Senden Sie Ihre Fragen und Anliegen an help@fileboompremium.com oder support@fileboompremium.com.<\/p>\n\n\n\n<h3>Ist eine R\u00fcckerstattung in Fileboom verf\u00fcgbar?<\/h3>\n\n\n\n<p>R\u00fcckerstattungen sind nur innerhalb von 24 Stunden m\u00f6glich, wenn Sie von Ihren Abonnements zur\u00fccktreten m\u00f6chten, sofern Sie ein berechtigtes Anliegen haben oder ein Problem bei der Nutzung von Fileboom aufgetreten ist.<\/p>\n\n\n<a class=\"maxbutton-1 maxbutton maxbutton-cta\" target=\"_blank\" rel=\"nofollow noopener\" href=\"\/go\/\"><span class='mb-text'>&gt;&gt; Gehen Sie zur Original Fileboom.me Website<\/span><\/a>\n\n\n<p><\/p>\n","protected":false},"excerpt":{"rendered":"<p>Das Speichern von Dateien hat sich stark verbreitet, als durch den Fortschritt der Technologie fast alles auf virtuell umgestellt wurde. In der heutigen Zeit werden t\u00e4glich viele Dateien erstellt &#8211; von der einfachen Aufnahme von Fotos und Videos, um sich an einen Moment zu erinnern, \u00fcber die Erstellung eines Dokuments f\u00fcr schulische Anforderungen bis hin [&hellip;]<\/p>\n","protected":false},"author":7,"featured_media":0,"parent":0,"menu_order":0,"comment_status":"closed","ping_status":"closed","template":"full-width.php","meta":[],"_links":{"self":[{"href":"https:\/\/filebooms.com\/de\/wp-json\/wp\/v2\/pages\/288"}],"collection":[{"href":"https:\/\/filebooms.com\/de\/wp-json\/wp\/v2\/pages"}],"about":[{"href":"https:\/\/filebooms.com\/de\/wp-json\/wp\/v2\/types\/page"}],"author":[{"embeddable":true,"href":"https:\/\/filebooms.com\/de\/wp-json\/wp\/v2\/users\/7"}],"replies":[{"embeddable":true,"href":"https:\/\/filebooms.com\/de\/wp-json\/wp\/v2\/comments?post=288"}],"version-history":[{"count":1,"href":"https:\/\/filebooms.com\/de\/wp-json\/wp\/v2\/pages\/288\/revisions"}],"predecessor-version":[{"id":292,"href":"https:\/\/filebooms.com\/de\/wp-json\/wp\/v2\/pages\/288\/revisions\/292"}],"wp:attachment":[{"href":"https:\/\/filebooms.com\/de\/wp-json\/wp\/v2\/media?parent=288"}],"curies":[{"name":"wp","href":"https:\/\/api.w.org\/{rel}","templated":true}]}}