{"id":284,"date":"2020-12-16T17:20:44","date_gmt":"2020-12-16T17:20:44","guid":{"rendered":"https:\/\/filebooms.com\/?page_id=284"},"modified":"2020-12-16T17:21:18","modified_gmt":"2020-12-16T17:21:18","slug":"fileboom-premium-account-your-definite-file-hosting-tool","status":"publish","type":"page","link":"https:\/\/filebooms.com\/es\/","title":{"rendered":"Fileboom Premium Account: Su Herramienta de Alojamiento de Archivos Definitivos"},"content":{"rendered":"\n<figure class=\"wp-block-image\"><img src=\"https:\/\/lh3.googleusercontent.com\/jxOot4IImVmy15-5FQaA9IHMJgSrrnH5fdfldPvu0lDklq8Jb0eT3adhqMp3amq9XCPsV_Ljkzg9cp_CXLIzS3wLC6zvTWSl7RMWHOs0Re5WMAqOPzr2y7ZRJsYPwcSGngc1R48\" alt=\"Cloud Storage\" title=\"Cloud Storage\"\/><\/figure>\n\n\n\n<p>El almacenamiento de archivos se ha vuelto rampante cuando casi todo fue actualizado a virtual debido al avance de la tecnolog\u00eda. En este momento reciente, se crean muchos archivos cada d\u00eda, desde simplemente tomar fotos y videos para recordar un momento, hacer un documento para los requisitos de la escuela, hasta guardar y transferir archivos relacionados con el trabajo, y m\u00e1s. Debido a esto, el almacenamiento de archivos ya se ha convertido en una parte importante de la vida de uno. El almacenamiento de archivos se realiza generalmente guardando los archivos a trav\u00e9s del almacenamiento en la computadora, unidades flash USB, discos duros o tarjetas de memoria. Sin embargo, una soluci\u00f3n de almacenamiento de archivos que es definitivamente libre de problemas se ha puesto a disposici\u00f3n de todos los que guardan archivos a trav\u00e9s de un almacenamiento en la nube. Esto significa simplemente que puedes guardar y acceder a tus archivos en cualquier momento, en cualquier lugar y en cualquier dispositivo, siempre que tenga Internet. Con esto, no tienes que preocuparte por dejar atr\u00e1s tus unidades de almacenamiento, adem\u00e1s de que te ofrece mucho m\u00e1s espacio de almacenamiento. Este tipo de soluci\u00f3n de almacenamiento te lo proporciona Fileboom.<\/p>\n\n\n<a class=\"maxbutton-1 maxbutton maxbutton-cta\" target=\"_blank\" rel=\"nofollow noopener\" href=\"\/go\/\"><span class='mb-text'>&gt;&gt; Ir a la p\u00e1gina web original de Fileboom.me<\/span><\/a>\n\n\n<p><\/p>\n\n\n\n<h2>Acerca de Fileboom<\/h2>\n\n\n\n<figure class=\"wp-block-image\"><img src=\"https:\/\/lh3.googleusercontent.com\/4BrSW47drulosP6CFKKlBUD-dNoNrhGdG2JFaHM1QgvJi24ZRGbev3DO4BLEdrrJVDJED3MeYDbTdwAmJnO_EXlO27qqxvcPT24pkIVqHYb5WK_u2MEBoDvHJJRRHJcRbiU6zPM\" alt=\"Fileboom logo\" title=\"Fileboom logo\"\/><\/figure>\n\n\n\n<p>Fileboom ha sido una empresa de confianza <a href=\"https:\/\/en.wikipedia.org\/wiki\/File_hosting_service\" target=\"_blank\" rel=\"noreferrer noopener\">proveedor de alojamiento de archivos<\/a> desde hace seis a\u00f1os con un continuo crecimiento de los usuarios. Fue fundada en Edimburgo en el a\u00f1o 2014 y se dedica a ofrecer un excelente y seguro software de almacenamiento en la nube a personas de todo el mundo. Adem\u00e1s de s\u00f3lo almacenamiento de archivos, tambi\u00e9n ofrece servicios adicionales de descarga de archivos, intercambio de archivos, m\u00e1xima velocidad y m\u00e1s. Y lo mejor de todo es que se actualiza constantemente con los \u00faltimos protocolos de seguridad para salvaguardar estrictamente los archivos de los usuarios.<\/p>\n\n\n\n<h2>Caracter\u00edsticas generales de Fileboom<\/h2>\n\n\n\n<ol><li>Plataforma f\u00e1cil de usar. Fileboom fue dise\u00f1ado para ser f\u00e1cil de usar para que pueda ser utilizado por todos sin ning\u00fan tipo de molestia. Puedes familiarizarte f\u00e1cilmente con el giro y las vueltas de Fileboom incluso cuando no tienes habilidades t\u00e9cnicas.<\/li><li>Registro r\u00e1pido y sin complicaciones. Registrarse para una cuenta en Fileboom s\u00f3lo lleva un tiempo y s\u00f3lo necesita unos pocos pasos sencillos. Tambi\u00e9n hay muchos m\u00e9todos de pago disponibles, as\u00ed que puedes elegir la opci\u00f3n que m\u00e1s te convenga.<\/li><li>Hace que los archivos almacenados sean f\u00e1cilmente accesibles. Fileboom te proporciona un sistema de almacenamiento en la nube para que puedas almacenar tus archivos en l\u00ednea. Con esto, le permite ser capaz de acceder a sus archivos en cualquier momento y en cualquier lugar. Puedes acceder a tus archivos en cualquier dispositivo, ya sea un port\u00e1til o un m\u00f3vil, simplemente yendo al sitio web de Fileboom en l\u00ednea.<\/li><li>Altamente protegido. Fileboom da mucha importancia y prioridad a la protecci\u00f3n de datos y la privacidad. Su sistema est\u00e1 construido con anti-malware para proteger el software de cualquier acceso no autorizado de los hackers o de cualquier red externa. Asegura que los archivos se mantengan privados y s\u00f3lo puedan ser accedidos y vistos por usted (a menos que lo comparta intencionadamente con otros usuarios). Tambi\u00e9n implementa estrictamente los protocolos de seguridad para asegurar que s\u00f3lo se realicen acciones legales dentro del sistema. No se le permite subir archivos ilegales como pornograf\u00eda, desnudos, violencia, archivos ofensivos, etc.<img loading=\"lazy\" width=\"232\" height=\"154\" alt=\"Secured Cloud Storage\" src=\"https:\/\/lh5.googleusercontent.com\/wsdQooJWYVSPD-z6yL3QeZltmWndS7hLD1TyBOnEE2G1bMwOe0yw3YNwFNeoiP5xli1eCxl_K11rEzCVMNRnQB4ybiVIYkhk-dRTm4rMFIzIHyJpG_jH0l2BbM4wZdV94R3U-yk\"><\/li><li>Aumenta la velocidad de descarga. Fileboom ofrece una velocidad de descarga de 100 MB por segundo a una cuenta gratuita y proporciona la m\u00e1xima velocidad de descarga disponible para una cuenta premium. Descarga 50 KB\/s en libre hasta 750 KB &#8211; 1,5 MB\/s en premium.<\/li><li>Cuentas Premium asequibles. Las cuentas premium de Fileboom tienen un precio tan bajo como $0.31\/d\u00eda que incluso los estudiantes pueden aprovechar. El costo de los planes var\u00eda seg\u00fan la duraci\u00f3n. Toma nota: cuanto m\u00e1s largo sea el plan de suscripci\u00f3n, mayor ser\u00e1 el descuento que puedas obtener y m\u00e1s barato el precio. Los precios son seguramente ligeros para su bolsillo y el servicio que ofrecer\u00e1 seguramente valdr\u00e1 su dinero.<\/li><li>Interfaz de usuario transparente. Fileboom es transparente para sus usuarios ya que proporciona informes y detalles de sus archivos. Muestra el nombre del archivo, el tama\u00f1o del mismo, el tiempo de carga y dem\u00e1s. Tambi\u00e9n te da un control total sobre tus archivos para que puedas organizarlos seg\u00fan tus preferencias.<\/li><li>Servicio de atenci\u00f3n al cliente fiable. La ayuda y el soporte est\u00e1n disponibles en el software. Tiene una pregunta de preguntas frecuentes y ayuda centrada en la plataforma para abordar los problemas m\u00e1s comunes de forma instant\u00e1nea y guiarle. Sin embargo, si su problema no puede ser respondido por el sistema de ayuda automatizado, entonces puede ponerse en contacto con el sistema de soporte por correo electr\u00f3nico y ellos le responder\u00e1n lo m\u00e1s r\u00e1pido posible y le ayudar\u00e1n con sus preocupaciones.<\/li><\/ol>\n\n\n\n<h2>Abrir una cuenta en Fileboom<\/h2>\n\n\n\n<p>Registrarse y unirse a Fileboom es f\u00e1cil y s\u00f3lo lleva unos minutos. S\u00f3lo tienes que proporcionar detalles generales como tu nombre, direcci\u00f3n de correo electr\u00f3nico y establecer una contrase\u00f1a. Luego enviar\u00e1 un correo de confirmaci\u00f3n a su correo electr\u00f3nico para verificar su cuenta. Una vez hecho esto, puedes f\u00e1cilmente actualizarte a una prima de Fileboom eligiendo el plan que quieres aprovechar y proceder al pago. Puedes elegir pagar con Mastercard, Visa, American Express, Discover o JCB. Tambi\u00e9n puede pagar a trav\u00e9s de Bitcoin o a trav\u00e9s de Paypal. Los pagos son 100% seguros y se procesan inmediatamente. Una vez confirmado el pago, su cuenta Fileboom se actualiza autom\u00e1ticamente a la versi\u00f3n premium y puede empezar a disfrutar inmediatamente de sus servicios y caracter\u00edsticas.<\/p>\n\n\n\n<h2>Cuenta gratuita de Fileboom vs. Cuenta Premium de Fileboom<\/h2>\n\n\n\n<figure class=\"wp-block-table\"><table><tbody><tr><td><\/td><td>Cuenta gratuita<\/td><td>Cuenta Premium<\/td><\/tr><tr><td>Velocidad de descarga<\/td><td>100 MB \/ sec.<\/td><td>M\u00e1ximo e ilimitado<\/td><\/tr><tr><td>Descargas paralelas<\/td><td>\u274c: No est\u00e1 permitido<\/td><td>\u2714\ufe0f: Ilimitado<\/td><\/tr><tr><td>L\u00edmite de descarga<\/td><td>1 archivo cada hora<\/td><td>20 GB de tama\u00f1o total de archivo por d\u00eda<\/td><\/tr><tr><td>Enlaces de descarga directa<\/td><td>\u274c: No se apoya<\/td><td>\u2714\ufe0f: Apoyado<\/td><\/tr><tr><td>Inicio de la descarga<\/td><td>Con retrasos<\/td><td>Comienza inmediatamente<\/td><\/tr><tr><td>Reproducir\/ Pausar\/ Detener la funci\u00f3n de descarga<\/td><td>\u274c: No est\u00e1 disponible<\/td><td>\u2714\ufe0f: Descarga reanudable<\/td><\/tr><tr><td>Descarga de terceros<\/td><td>\u274c: No se apoya<\/td><td>\u2714\ufe0f: Apoyado<\/td><\/tr><tr><td>Anuncios Pop-up y Captchas<\/td><td>\u2714\ufe0f: con pop ups de anuncios y captchas de vez en cuando<\/td><td>\u274c: No hay interrupciones de anuncios<\/td><\/tr><tr><td>Tama\u00f1o del archivo por carga\/descarga<\/td><td>500 MB cada archivo<\/td><td>5 GB cada archivo<\/td><\/tr><tr><td>Tiempo de espera para la descarga<\/td><td>30 segundos<\/td><td>Ninguno; la descarga comienza al instante<\/td><\/tr><tr><td>Duraci\u00f3n del almacenamiento de archivos<\/td><td>1 mes<\/td><td>3 meses<\/td><\/tr><\/tbody><\/table><\/figure>\n\n\n\n<h2>Planes de cuentas Premium de Fileboom<\/h2>\n\n\n\n<p>Fileboom ofrece cuatro tipos de planes diferentes dependiendo de la duraci\u00f3n del uso, desde tan s\u00f3lo 3 d\u00edas hasta un a\u00f1o. Los precios var\u00edan desde tan s\u00f3lo 6,90 d\u00f3lares hasta 113,95 d\u00f3lares. El costo es muy descontado con el plan m\u00e1s largo. Aqu\u00ed est\u00e1 el desglose de los precios y la duraci\u00f3n de todos los planes:<\/p>\n\n\n<a class=\"maxbutton-1 maxbutton maxbutton-cta\" target=\"_blank\" rel=\"nofollow noopener\" href=\"\/go\/\"><span class='mb-text'>&gt;&gt; Ir a la p\u00e1gina web original de Fileboom.me<\/span><\/a>\n\n\n<p><\/p>\n\n\n\n<figure class=\"wp-block-table\"><table><tbody><tr><td>Duraci\u00f3n del plan de primas<\/td><td>Costo por d\u00eda<\/td><td>Precio total<\/td><\/tr><tr><td>3 d\u00edas<\/td><td>$2.32\/ d\u00eda<\/td><td>$6.90<\/td><\/tr><tr><td>30 d\u00edas<\/td><td>$0.56\/ d\u00eda<\/td><td>$16.95<\/td><\/tr><tr><td>90 d\u00edas<\/td><td>$0.47\/ d\u00eda<\/td><td>$41.95<\/td><\/tr><tr><td>365 d\u00edas<\/td><td>$0.31\/ d\u00eda<\/td><td>$113.95<\/td><\/tr><\/tbody><\/table><\/figure>\n\n\n\n<h2>Beneficios de la cuenta Premium de Fileboom<\/h2>\n\n\n\n<ul><li>Velocidad m\u00e1xima de descarga<\/li><li>Puede descargarse simult\u00e1neamente<\/li><li>Descargar archivos de hasta 20 GB cada d\u00eda<\/li><li>Los enlaces directos est\u00e1n disponibles<\/li><li>No hay tiempo de espera durante la carga y descarga; comienza inmediatamente<\/li><li>No hay perturbaci\u00f3n por los captchas y las ventanas emergentes de los anuncios<\/li><li>Las descargas pueden reanudarse<\/li><li>Los gestores de descarga disponibles<\/li><li>Subir y bajar hasta un tama\u00f1o de archivo de 5 GB<\/li><li>La eliminaci\u00f3n de los archivos s\u00f3lo ocurre dentro de los 90 d\u00edas<\/li><li><a href=\"https:\/\/en.wikipedia.org\/wiki\/Hypertext_Transfer_Protocol\" target=\"_blank\" rel=\"noreferrer noopener\">HTTP<\/a> y <a href=\"https:\/\/en.wikipedia.org\/wiki\/File_Transfer_Protocol\" target=\"_blank\" rel=\"noreferrer noopener\">FTP<\/a> apoyada por<\/li><\/ul>\n\n\n\n<h2>Subir y bajar archivos en Fileboom<\/h2>\n\n\n\n<p>Subir y bajar archivos es f\u00e1cil en Fileboom. La plataforma est\u00e1 dise\u00f1ada para ser simple y eficiente en la medida de lo posible. La carga de archivos se puede hacer f\u00e1cilmente a trav\u00e9s de una funci\u00f3n de arrastrar y soltar. S\u00f3lo tienes que ir a la secci\u00f3n de subida y arrastrar los archivos que quieras subir. Puedes subir varios archivos a la vez. En cuanto a la descarga, cada archivo de tu cuenta o base de datos tendr\u00e1 un bot\u00f3n de descarga debajo. Si desea descargar ese archivo, s\u00f3lo tiene que hacer clic en el bot\u00f3n de descarga y \u00e9ste comenzar\u00e1 a descargarse autom\u00e1ticamente.<\/p>\n\n\n\n<p>Las configuraciones de carga y descarga son las mismas tanto para las cuentas gratuitas como para las premium, sin embargo, var\u00eda en cuanto a la velocidad y el rendimiento. Las cuentas premium seguramente ser\u00e1n m\u00e1s r\u00e1pidas y proporcionar\u00e1n m\u00e1s caracter\u00edsticas como descargas paralelas, mayor tama\u00f1o de descarga por archivo o por d\u00eda, reanudable y m\u00e1s.<\/p>\n\n\n\n<h2>Manejo de archivos<\/h2>\n\n\n\n<p>Tienes control total sobre tus archivos en Fileboom. Todos los archivos cargados en el sistema s\u00f3lo son accesibles para ti. Puedes elegir c\u00f3mo quieres organizar tus archivos. Puedes crear carpetas para agrupar tus archivos de manera que puedas acceder a ellos f\u00e1cilmente en el futuro y tambi\u00e9n puedes cambiar los nombres de los archivos. La funci\u00f3n de b\u00fasqueda tambi\u00e9n est\u00e1 disponible para que pueda buscar en sus archivos y localizarlos f\u00e1cilmente.<\/p>\n\n\n\n<h2>La \u00faltima palabra sobre Fileboom<\/h2>\n\n\n\n<p>Fileboom es definitivamente uno de los mejores, asequibles y altamente seguros proveedores de alojamiento de archivos disponibles por ah\u00ed. Ofrece casi todos los servicios necesarios para el almacenamiento de archivos: gran espacio de almacenamiento, velocidad m\u00e1xima, gran ancho de banda, sistema protegido y mucho m\u00e1s. Disfruta de todas sus ventajas y haz que tu experiencia de almacenamiento en la nube valga la pena con la Cuenta Premium de Fileboom.<\/p>\n\n\n\n<h2>Preguntas frecuentes sobre el Fileboom<\/h2>\n\n\n\n<h3>\u00bfQu\u00e9 es Fileboom?<\/h3>\n\n\n\n<p>Fileboom es un proveedor de alojamiento de archivos que ofrece un <a href=\"https:\/\/en.wikipedia.org\/wiki\/Cloud_storage\" target=\"_blank\" rel=\"noreferrer noopener\">almacenamiento en la nube<\/a> para sus archivos para que pueda guardar, subir o descargar archivos en l\u00ednea y poder acceder f\u00e1cilmente a ellos en cualquier momento y lugar. Tambi\u00e9n proporciona una velocidad de descarga mucho m\u00e1s r\u00e1pida y un mayor espacio de almacenamiento para que el almacenamiento de archivos sea m\u00e1s eficiente.<\/p>\n\n\n\n<h3>\u00bfEst\u00e1 libre Fileboom?<\/h3>\n\n\n\n<p>S\u00ed, se puede utilizar sin cargos a trav\u00e9s de una cuenta gratuita, sin embargo los servicios son muy limitados. Si desea disfrutar del almacenamiento en la nube y de lo que Fileboom tiene para ofrecer, es muy recomendable que se actualice a una cuenta premium.<\/p>\n\n\n\n<h3>\u00bfC\u00f3mo puedo hacer uso de la Cuenta Premium de Fileboom?<\/h3>\n\n\n\n<p>Primero, tienes que registrarte primero y actualizar tu cuenta a una premium. Elija el plan premium que desee y pague por \u00e9l a trav\u00e9s de los m\u00e9todos de pago disponibles (Visa, Mastercard, American Express, Bitcoin, Paypal, JCB, Discover). Cuando el pago se realice con \u00e9xito, su cuenta se actualizar\u00e1 inmediatamente a una versi\u00f3n premium.<\/p>\n\n\n\n<h3>\u00bfC\u00f3mo me pongo en contacto con el servicio de atenci\u00f3n al cliente de Fileboom?<\/h3>\n\n\n\n<p>Si tiene alg\u00fan problema y quiere ayuda, puede ponerse en contacto con el sistema de apoyo a trav\u00e9s del correo electr\u00f3nico. Env\u00ede sus problemas y preocupaciones a help@fileboompremium.com o support@fileboompremium.com.<\/p>\n\n\n\n<h3>\u00bfHay un reembolso disponible en Fileboom?<\/h3>\n\n\n\n<p>Los reembolsos s\u00f3lo est\u00e1n disponibles en un plazo de 24 horas si desea cancelar sus suscripciones, siempre y cuando tenga una preocupaci\u00f3n v\u00e1lida o haya encontrado un problema al usar Fileboom.<\/p>\n\n\n<a class=\"maxbutton-1 maxbutton maxbutton-cta\" target=\"_blank\" rel=\"nofollow noopener\" href=\"\/go\/\"><span class='mb-text'>&gt;&gt; Ir a la p\u00e1gina web original de Fileboom.me<\/span><\/a>\n\n\n<p><\/p>\n","protected":false},"excerpt":{"rendered":"<p>El almacenamiento de archivos se ha vuelto rampante cuando casi todo fue actualizado a virtual debido al avance de la tecnolog\u00eda. En este momento reciente, se crean muchos archivos cada d\u00eda, desde simplemente tomar fotos y videos para recordar un momento, hacer un documento para los requisitos de la escuela, hasta guardar y transferir archivos [&hellip;]<\/p>\n","protected":false},"author":7,"featured_media":0,"parent":0,"menu_order":0,"comment_status":"closed","ping_status":"closed","template":"full-width.php","meta":[],"_links":{"self":[{"href":"https:\/\/filebooms.com\/es\/wp-json\/wp\/v2\/pages\/284"}],"collection":[{"href":"https:\/\/filebooms.com\/es\/wp-json\/wp\/v2\/pages"}],"about":[{"href":"https:\/\/filebooms.com\/es\/wp-json\/wp\/v2\/types\/page"}],"author":[{"embeddable":true,"href":"https:\/\/filebooms.com\/es\/wp-json\/wp\/v2\/users\/7"}],"replies":[{"embeddable":true,"href":"https:\/\/filebooms.com\/es\/wp-json\/wp\/v2\/comments?post=284"}],"version-history":[{"count":1,"href":"https:\/\/filebooms.com\/es\/wp-json\/wp\/v2\/pages\/284\/revisions"}],"predecessor-version":[{"id":297,"href":"https:\/\/filebooms.com\/es\/wp-json\/wp\/v2\/pages\/284\/revisions\/297"}],"wp:attachment":[{"href":"https:\/\/filebooms.com\/es\/wp-json\/wp\/v2\/media?parent=284"}],"curies":[{"name":"wp","href":"https:\/\/api.w.org\/{rel}","templated":true}]}}