{"id":289,"date":"2020-12-16T14:52:01","date_gmt":"2020-12-16T14:52:01","guid":{"rendered":"https:\/\/filebooms.com\/?page_id=289"},"modified":"2020-12-16T14:52:07","modified_gmt":"2020-12-16T14:52:07","slug":"fileboom-premium-account-your-definite-file-hosting-tool","status":"publish","type":"page","link":"https:\/\/filebooms.com\/it\/","title":{"rendered":"Fileboom Premium Account: Il vostro strumento per l&#8217;hosting di file definiti"},"content":{"rendered":"\n<figure class=\"wp-block-image\"><img src=\"https:\/\/lh3.googleusercontent.com\/jxOot4IImVmy15-5FQaA9IHMJgSrrnH5fdfldPvu0lDklq8Jb0eT3adhqMp3amq9XCPsV_Ljkzg9cp_CXLIzS3wLC6zvTWSl7RMWHOs0Re5WMAqOPzr2y7ZRJsYPwcSGngc1R48\" alt=\"Cloud Storage\" title=\"Cloud Storage\"\/><\/figure>\n\n\n\n<p>L&#8217;archiviazione dei file \u00e8 divenuta sempre pi\u00f9 rapida quando quasi tutto \u00e8 stato aggiornato a virtuale a causa del progresso della tecnologia. In questo periodo recente, ogni giorno vengono realizzati moltissimi file, dal semplice scattare foto e video per ricordare un momento, alla creazione di un documento per le esigenze della scuola, al salvataggio e al trasferimento di file relativi al lavoro e molto altro ancora. Per questo motivo, l&#8217;archiviazione dei file \u00e8 gi\u00e0 diventata una parte importante della vita di una persona. L&#8217;archiviazione dei file \u00e8 di solito effettuata salvando i file attraverso la memoria del computer, le unit\u00e0 flash USB, i dischi rigidi o le schede di memoria. Tuttavia, una soluzione di archiviazione dei file che \u00e8 sicuramente senza problemi \u00e8 stata messa a disposizione di tutti, salvando i file attraverso un cloud storage. Ci\u00f2 significa semplicemente che \u00e8 possibile salvare e accedere ai propri file in qualsiasi momento, ovunque e su qualsiasi dispositivo, purch\u00e9 sia presente internet. In questo modo, non dovrete preoccuparvi di lasciare le vostre unit\u00e0 di archiviazione, e in pi\u00f9 vi offre anche molto pi\u00f9 spazio di archiviazione. Questo tipo di soluzione di archiviazione vi viene fornita da Fileboom.<\/p>\n\n\n<a class=\"maxbutton-1 maxbutton maxbutton-cta\" target=\"_blank\" rel=\"nofollow noopener\" href=\"\/go\/\"><span class='mb-text'>&gt;&gt; Vai al sito originale Fileboom.me<\/span><\/a>\n\n\n<p><\/p>\n\n\n\n<h2>Informazioni su Fileboom<\/h2>\n\n\n\n<figure class=\"wp-block-image\"><img src=\"https:\/\/lh3.googleusercontent.com\/4BrSW47drulosP6CFKKlBUD-dNoNrhGdG2JFaHM1QgvJi24ZRGbev3DO4BLEdrrJVDJED3MeYDbTdwAmJnO_EXlO27qqxvcPT24pkIVqHYb5WK_u2MEBoDvHJJRRHJcRbiU6zPM\" alt=\"Fileboom logo\" title=\"Fileboom logo\"\/><\/figure>\n\n\n\n<p>Fileboom \u00e8 stato un affidabile <a href=\"https:\/\/en.wikipedia.org\/wiki\/File_hosting_service\" target=\"_blank\" rel=\"noreferrer noopener\">fornitore di file hosting<\/a> da sei anni, con una continua crescita degli utenti. \u00c8 stata fondata a Edimburgo nel 2014 e si dedica ad offrire un software di cloud storage eccellente e sicuro alle persone in tutto il mondo. Oltre alla semplice archiviazione dei file, offre anche servizi aggiuntivi di download di file, condivisione di file, massima velocit\u00e0 e altro ancora. E la parte migliore \u00e8 che \u00e8 costantemente aggiornato con i pi\u00f9 recenti protocolli di sicurezza per salvaguardare rigorosamente i file degli utenti.<\/p>\n\n\n\n<h2>Caratteristiche generali di Fileboom<\/h2>\n\n\n\n<ol><li>Piattaforma facile da usare. Fileboom \u00e8 stato progettato per essere user-friendly in modo da poter essere utilizzato da tutti senza problemi. Si pu\u00f2 facilmente familiarizzare con i colpi di scena di Fileboom anche quando non si hanno competenze tecniche.<\/li><li>Registrazione veloce e senza problemi. La registrazione di un account in Fileboom richiede solo un po&#8217; di tempo e richiede solo pochi semplici passaggi. Ci sono anche molti metodi di pagamento disponibili in modo da poter scegliere quale opzione funziona per voi.<\/li><li>Rende i file memorizzati facilmente accessibili. Fileboom vi fornisce un sistema di archiviazione cloud in modo da poter archiviare i vostri file online. Con questo, vi permette di essere in grado di accedere ai vostri file in qualsiasi momento e ovunque. Potete semplicemente accedere ai vostri file su qualsiasi dispositivo, sia esso un laptop o un cellulare, semplicemente andando sul sito web di Fileboom online.<\/li><li>Altamente protetto. Fileboom d\u00e0 molta importanza e priorit\u00e0 alla protezione dei dati e alla privacy. Il suo sistema \u00e8 costruito con anti-malware per proteggere il software da qualsiasi accesso non autorizzato da parte di hacker o di reti esterne. Assicura che i file siano tenuti privati e che possano essere consultati e visti solo da voi (a meno che non li condividiate intenzionalmente con altri utenti). Inoltre, implementa rigorosamente protocolli di sicurezza per assicurare che all&#8217;interno del sistema vengano intraprese solo azioni legali. Non vi \u00e8 permesso caricare file illegali come pornografia, nudit\u00e0, violenza, file offensivi e cos\u00ec via.<img loading=\"lazy\" width=\"232\" height=\"154\" alt=\"Secured Cloud Storage\" src=\"https:\/\/lh5.googleusercontent.com\/wsdQooJWYVSPD-z6yL3QeZltmWndS7hLD1TyBOnEE2G1bMwOe0yw3YNwFNeoiP5xli1eCxl_K11rEzCVMNRnQB4ybiVIYkhk-dRTm4rMFIzIHyJpG_jH0l2BbM4wZdV94R3U-yk\"><\/li><li>Aumenta la velocit\u00e0 di download. Fileboom offre una velocit\u00e0 di download di 100 MB al secondo per un account gratuito e fornisce la massima velocit\u00e0 di download disponibile per un account premium. Scarica 50 KB\/secondo in omaggio a una velocit\u00e0 di 750 KB &#8211; 1,5 MB\/secondo in premium.<\/li><li>Conti Premium a prezzi accessibili. Gli account premium Fileboom hanno un prezzo fino a 0,31 dollari al giorno, di cui anche gli studenti possono sicuramente usufruire. Il costo dei piani varia a seconda della durata. Attenzione: pi\u00f9 lungo \u00e8 il piano di abbonamento, pi\u00f9 alto \u00e8 lo sconto che si pu\u00f2 ottenere e pi\u00f9 economico \u00e8 il prezzo. I prezzi sono sicuramente leggeri per le vostre tasche e il servizio che offrir\u00e0 varr\u00e0 sicuramente i vostri dollari.<\/li><li>Interfaccia utente trasparente. Fileboom \u00e8 trasparente per i suoi utenti in quanto fornisce rapporti e dettagli dei vostri file. Mostra il nome del file, la dimensione del file, il tempo di caricamento e cos\u00ec via. Vi d\u00e0 anche il pieno controllo sui vostri file in modo da poterli organizzare secondo le vostre preferenze.<\/li><li>Servizio clienti affidabile. Aiuto e supporto sono prontamente disponibili all&#8217;interno del software. Ha una domanda FAQ e aiuta il centro nella piattaforma per affrontare i problemi comuni immediatamente e guidarvi. Tuttavia, se il vostro problema non pu\u00f2 essere risolto dal sistema di aiuto automatico, allora potete contattare il sistema di supporto via e-mail e loro vi risponderanno il pi\u00f9 velocemente possibile e vi aiuteranno con le vostre preoccupazioni.<\/li><\/ol>\n\n\n\n<h2>Aprire un conto in Fileboom<\/h2>\n\n\n\n<p>La registrazione e l&#8217;adesione a Fileboom \u00e8 semplice e richiede solo pochi minuti. Devi solo fornire dettagli generali come il tuo nome, l&#8217;indirizzo e-mail e impostare una password. Poi invier\u00e0 una mail di conferma alla tua email per verificare il tuo account. Una volta fatto, si pu\u00f2 facilmente passare a un premio Fileboom con scegliendo il piano che si desidera utilizzare e procedere al pagamento. Potete scegliere di pagare tramite Mastercard, Visa card, American Express, Discover o JCB. Puoi anche pagare tramite Bitcoin o Paypal. I pagamenti sono sicuri al 100% e immediatamente elaborati. Una volta confermato il pagamento, il tuo account Fileboom viene automaticamente aggiornato alla versione premium e puoi iniziare immediatamente a usufruire dei suoi servizi e delle sue funzionalit\u00e0.<\/p>\n\n\n\n<h2>Fileboom Free Account vs. Fileboom Premium Account<\/h2>\n\n\n\n<figure class=\"wp-block-table\"><table><tbody><tr><td><\/td><td>Conto gratuito<\/td><td>Conto Premium<\/td><\/tr><tr><td>Scarica la velocit\u00e0<\/td><td>100 MB \/ sec.<\/td><td>Massimo e illimitato<\/td><\/tr><tr><td>Download parallelo<\/td><td>\u274c: Non \u00e8 permesso<\/td><td>\u2714\ufe0f: Illimitato<\/td><\/tr><tr><td>Scarica Limite<\/td><td>1 file ogni ora<\/td><td>20 GB di dimensione totale del file al giorno<\/td><\/tr><tr><td>Link per il download diretto<\/td><td>\u274c: Non supportato<\/td><td>\u2714\ufe0f: Supportato<\/td><\/tr><tr><td>Inizio del download<\/td><td>Con ritardi<\/td><td>Inizia immediatamente<\/td><\/tr><tr><td>Funzione Play\/ Pausa\/ Stop Download<\/td><td>\u274c: Non disponibile<\/td><td>\u2714\ufe0f: Scaricabile<\/td><\/tr><tr><td>Scarica da terzi<\/td><td>\u274c: Non supportato<\/td><td>\u2714\ufe0f: Supportato<\/td><\/tr><tr><td>Annunci Pop-up e Captchas<\/td><td>\u2714\ufe0f: con pop up pubblicitari e captchas di tanto in tanto<\/td><td>\u274c: Nessuna interruzione pubblicitaria<\/td><\/tr><tr><td>Dimensione del file per caricamento\/scaricamento<\/td><td>500 MB ogni file<\/td><td>5 GB ogni file<\/td><\/tr><tr><td>Tempo di attesa per il download<\/td><td>30 secondi<\/td><td>Nessuno; il download inizia immediatamente<\/td><\/tr><tr><td>Durata di conservazione dei file<\/td><td>1 mese<\/td><td>3 mesi<\/td><\/tr><\/tbody><\/table><\/figure>\n\n\n\n<h2>Fileboom Premium Account Plans<\/h2>\n\n\n\n<p>Fileboom offre quattro diversi tipi di piani a seconda della durata di utilizzo, da un minimo di 3 giorni a un anno. I prezzi variano da un minimo di 6,90 dollari a 113,95 dollari. Il costo \u00e8 molto scontato con il piano pi\u00f9 lungo. Ecco la ripartizione dei prezzi e la durata di tutti i piani:<\/p>\n\n\n<a class=\"maxbutton-1 maxbutton maxbutton-cta\" target=\"_blank\" rel=\"nofollow noopener\" href=\"\/go\/\"><span class='mb-text'>&gt;&gt; Vai al sito originale Fileboom.me<\/span><\/a>\n\n\n<p><\/p>\n\n\n\n<figure class=\"wp-block-table\"><table><tbody><tr><td>Durata del Piano Premium<\/td><td>Costo al giorno<\/td><td>Prezzo totale<\/td><\/tr><tr><td>3 giorni<\/td><td>$2.32\/ giorno<\/td><td>$6.90<\/td><\/tr><tr><td>30 giorni<\/td><td>$0.56\/ giorno<\/td><td>$16.95<\/td><\/tr><tr><td>90 giorni<\/td><td>$0.47\/ giorno<\/td><td>$41.95<\/td><\/tr><tr><td>365 giorni<\/td><td>$0.31\/ giorno<\/td><td>$113.95<\/td><\/tr><\/tbody><\/table><\/figure>\n\n\n\n<h2>Vantaggi del conto Fileboom Premium<\/h2>\n\n\n\n<ul><li>Massima velocit\u00e0 di download<\/li><li>Pu\u00f2 scaricare contemporaneamente<\/li><li>Scaricare file fino a 20 GB ogni giorno<\/li><li>Sono disponibili collegamenti diretti<\/li><li>Nessun tempo di attesa durante l&#8217;upload e il download; inizia immediatamente<\/li><li>Nessun disturbo da captchas e pop-up pubblicitari<\/li><li>I download possono essere ripresi<\/li><li>Scarica i manager disponibili<\/li><li>Carica e scarica fino a 5 GB di file<\/li><li>La cancellazione dei file avviene solo entro 90 giorni<\/li><li><a href=\"https:\/\/en.wikipedia.org\/wiki\/Hypertext_Transfer_Protocol\" target=\"_blank\" rel=\"noreferrer noopener\">HTTP<\/a> e <a href=\"https:\/\/en.wikipedia.org\/wiki\/File_Transfer_Protocol\" target=\"_blank\" rel=\"noreferrer noopener\">FTP<\/a> supportato<\/li><\/ul>\n\n\n\n<h2>Caricare e scaricare file in Fileboom<\/h2>\n\n\n\n<p>Caricare e scaricare i file \u00e8 facile e veloce in Fileboom. La piattaforma \u00e8 stata progettata per essere il pi\u00f9 semplice ed efficiente possibile. Il caricamento dei file pu\u00f2 essere effettuato facilmente tramite una funzione di drop and drag. Basta andare nella sezione upload e trascinare i file che si desidera caricare. \u00c8 possibile caricare pi\u00f9 file alla volta. Per quanto riguarda il download, ogni file nel vostro account o database avr\u00e0 un pulsante per il download mostrato sotto di esso. Se desiderate scaricare quel file, dovete solo cliccare sul pulsante di download e questo inizier\u00e0 automaticamente il download.<\/p>\n\n\n\n<p>Le impostazioni di upload e download sono le stesse sia per gli account gratuiti che per quelli premium, ma variano in termini di velocit\u00e0 e prestazioni. Gli account premium saranno sicuramente pi\u00f9 veloci e forniranno pi\u00f9 funzionalit\u00e0 come download paralleli, dimensioni di download pi\u00f9 grandi per file o al giorno, riassicurabili e altro ancora.<\/p>\n\n\n\n<h2>Gestione dei file<\/h2>\n\n\n\n<p>Avete il pieno controllo dei vostri file in Fileboom. Tutti i file caricati all&#8217;interno del sistema sono accessibili solo da voi. Potete scegliere come organizzare i vostri file. Potete creare cartelle per raggruppare i vostri file in modo da potervi accedere facilmente in futuro e potete anche cambiare i nomi dei file. \u00c8 disponibile anche la funzione di ricerca, in modo da poter cercare tra i file e localizzarli facilmente.<\/p>\n\n\n\n<h2>Detto finale su Fileboom<\/h2>\n\n\n\n<p>Fileboom \u00e8 sicuramente uno dei migliori, convenienti e altamente sicuri fornitori di file hosting disponibili sul mercato. Offre quasi tutti i servizi necessari per l&#8217;archiviazione dei file: grande spazio di archiviazione, massima velocit\u00e0, grande larghezza di banda, sistema protetto e molto altro ancora. Godetevi tutti i suoi vantaggi e rendete la vostra esperienza di cloud storage degna di nota con Fileboom Premium Account.<\/p>\n\n\n\n<h2>Domande frequenti (FAQ) su Fileboom<\/h2>\n\n\n\n<h3>Cos&#8217;\u00e8 Fileboom?<\/h3>\n\n\n\n<p>Fileboom \u00e8 un fornitore di file hosting che offre un <a href=\"https:\/\/en.wikipedia.org\/wiki\/Cloud_storage\" target=\"_blank\" rel=\"noreferrer noopener\">cloud storage<\/a> per i vostri file in modo da poter salvare, caricare o scaricare i file online ed essere in grado di accedervi facilmente in qualsiasi momento e ovunque. Fornisce inoltre una velocit\u00e0 di download molto pi\u00f9 veloce e uno spazio di archiviazione pi\u00f9 grande per rendere pi\u00f9 efficiente l&#8217;archiviazione dei file.<\/p>\n\n\n\n<h3>Fileboom \u00e8 gratuito?<\/h3>\n\n\n\n<p>S\u00ec, pu\u00f2 essere utilizzato senza spese attraverso un conto gratuito, ma i servizi sono molto limitati. Se si desidera usufruire del cloud storage e di ci\u00f2 che Fileboom ha da offrire, si consiglia vivamente di passare a un account premium.<\/p>\n\n\n\n<h3>Come posso usufruire di Fileboom Premium Account?<\/h3>\n\n\n\n<p>Per prima cosa, dovete prima registrarvi e aggiornare il vostro conto a uno premium. Scegliete il piano premium di cui desiderate usufruire e pagatelo attraverso i metodi di pagamento disponibili (Visa, Mastercard, American Express, Bitcoin, Paypal, JCB, Discover). Quando il pagamento avr\u00e0 successo, il vostro conto verr\u00e0 immediatamente aggiornato alla versione premium.<\/p>\n\n\n\n<h3>Come posso contattare il Servizio Clienti Fileboom?<\/h3>\n\n\n\n<p>Se si incontrano problemi e si desidera aiuto, \u00e8 possibile mettersi in contatto con il sistema di supporto tramite e-mail. Inviate i vostri problemi e le vostre preoccupazioni a help@fileboompremium.com o support@fileboompremium.com.<\/p>\n\n\n\n<h3>\u00c8 disponibile un rimborso in Fileboom?<\/h3>\n\n\n\n<p>I rimborsi sono disponibili solo entro 24 ore se si desidera recedere dalle proprie sottoscrizioni fintanto che si ha una valida preoccupazione o si \u00e8 riscontrato un problema nell&#8217;utilizzo di Fileboom.<\/p>\n\n\n<a class=\"maxbutton-1 maxbutton maxbutton-cta\" target=\"_blank\" rel=\"nofollow noopener\" href=\"\/go\/\"><span class='mb-text'>&gt;&gt; Vai al sito originale Fileboom.me<\/span><\/a>\n\n\n<p><\/p>\n","protected":false},"excerpt":{"rendered":"<p>L&#8217;archiviazione dei file \u00e8 divenuta sempre pi\u00f9 rapida quando quasi tutto \u00e8 stato aggiornato a virtuale a causa del progresso della tecnologia. In questo periodo recente, ogni giorno vengono realizzati moltissimi file, dal semplice scattare foto e video per ricordare un momento, alla creazione di un documento per le esigenze della scuola, al salvataggio e [&hellip;]<\/p>\n","protected":false},"author":7,"featured_media":0,"parent":0,"menu_order":0,"comment_status":"closed","ping_status":"closed","template":"full-width.php","meta":[],"_links":{"self":[{"href":"https:\/\/filebooms.com\/it\/wp-json\/wp\/v2\/pages\/289"}],"collection":[{"href":"https:\/\/filebooms.com\/it\/wp-json\/wp\/v2\/pages"}],"about":[{"href":"https:\/\/filebooms.com\/it\/wp-json\/wp\/v2\/types\/page"}],"author":[{"embeddable":true,"href":"https:\/\/filebooms.com\/it\/wp-json\/wp\/v2\/users\/7"}],"replies":[{"embeddable":true,"href":"https:\/\/filebooms.com\/it\/wp-json\/wp\/v2\/comments?post=289"}],"version-history":[{"count":1,"href":"https:\/\/filebooms.com\/it\/wp-json\/wp\/v2\/pages\/289\/revisions"}],"predecessor-version":[{"id":293,"href":"https:\/\/filebooms.com\/it\/wp-json\/wp\/v2\/pages\/289\/revisions\/293"}],"wp:attachment":[{"href":"https:\/\/filebooms.com\/it\/wp-json\/wp\/v2\/media?parent=289"}],"curies":[{"name":"wp","href":"https:\/\/api.w.org\/{rel}","templated":true}]}}