{"id":285,"date":"2020-12-16T17:56:00","date_gmt":"2020-12-16T17:56:00","guid":{"rendered":"https:\/\/filebooms.com\/?page_id=285"},"modified":"2020-12-16T17:56:27","modified_gmt":"2020-12-16T17:56:27","slug":"fileboom-premium-account-your-definite-file-hosting-tool","status":"publish","type":"page","link":"https:\/\/filebooms.com\/tr\/","title":{"rendered":"Fileboom Premium Account: Kesin Dosya Bar\u0131nd\u0131rma Arac\u0131n\u0131z"},"content":{"rendered":"\n<figure class=\"wp-block-image\"><img src=\"https:\/\/lh3.googleusercontent.com\/jxOot4IImVmy15-5FQaA9IHMJgSrrnH5fdfldPvu0lDklq8Jb0eT3adhqMp3amq9XCPsV_Ljkzg9cp_CXLIzS3wLC6zvTWSl7RMWHOs0Re5WMAqOPzr2y7ZRJsYPwcSGngc1R48\" alt=\"Cloud Storage\" title=\"Cloud Storage\"\/><\/figure>\n\n\n\n<p>Teknolojinin geli\u015fmesi nedeniyle neredeyse her \u015fey sanala y\u00fckseltildi\u011finde dosya depolama yayg\u0131nla\u015ft\u0131. Bu son zamanlarda, her g\u00fcn \u00e7ok say\u0131da dosya yap\u0131l\u0131yor &#8211; sadece bir an\u0131 hat\u0131rlamak i\u00e7in foto\u011fraf ve video \u00e7ekmekten, okul gereksinimleri i\u00e7in bir belge haz\u0131rlamaktan, i\u015fle ilgili dosyalar\u0131 kaydetmeye ve aktarmaya kadar ve daha pek \u00e7ok \u015fey. Bu nedenle dosya depolama, ki\u015finin hayat\u0131n\u0131n \u00f6nemli bir par\u00e7as\u0131 haline geldi. Dosya depolama genellikle dosyalar\u0131 bilgisayar depolamas\u0131, USB flash s\u00fcr\u00fcc\u00fcler, sabit s\u00fcr\u00fcc\u00fcler veya bellek kartlar\u0131 arac\u0131l\u0131\u011f\u0131yla kaydederek yap\u0131l\u0131r. Ancak, kesinlikle sorunsuz bir dosya depolama \u00e7\u00f6z\u00fcm\u00fc art\u0131k herkesin kullan\u0131m\u0131na sunulmu\u015ftur &#8211; dosyalar\u0131 bir bulut depolama arac\u0131l\u0131\u011f\u0131yla kaydeder. Bu, internete sahip oldu\u011fu s\u00fcrece dosyalar\u0131n\u0131z\u0131 istedi\u011finiz zaman, istedi\u011finiz yerden ve herhangi bir cihazdan kaydedebilece\u011finiz ve bunlara eri\u015febilece\u011finiz anlam\u0131na gelir. Bununla, depolama s\u00fcr\u00fcc\u00fclerinizi geride b\u0131rakma konusunda endi\u015felenmenize gerek kalmaz, ayr\u0131ca size \u00e7ok daha fazla depolama alan\u0131 sa\u011flar. Bu t\u00fcr bir depolama \u00e7\u00f6z\u00fcm\u00fc size Fileboom taraf\u0131ndan sa\u011flanmaktad\u0131r.<\/p>\n\n\n<a class=\"maxbutton-1 maxbutton maxbutton-cta\" target=\"_blank\" rel=\"nofollow noopener\" href=\"\/go\/\"><span class='mb-text'>&gt;&gt; Original Fileboom.me web sitesine gidin<\/span><\/a>\n\n\n<p><\/p>\n\n\n\n<h2>Fileboom hakk\u0131nda<\/h2>\n\n\n\n<figure class=\"wp-block-image\"><img src=\"https:\/\/lh3.googleusercontent.com\/4BrSW47drulosP6CFKKlBUD-dNoNrhGdG2JFaHM1QgvJi24ZRGbev3DO4BLEdrrJVDJED3MeYDbTdwAmJnO_EXlO27qqxvcPT24pkIVqHYb5WK_u2MEBoDvHJJRRHJcRbiU6zPM\" alt=\"Fileboom logo\" title=\"Fileboom logo\"\/><\/figure>\n\n\n\n<p>Fileboom g\u00fcvenilir bir <a href=\"https:\/\/en.wikipedia.org\/wiki\/File_hosting_service\" target=\"_blank\" rel=\"noreferrer noopener\">dosya bar\u0131nd\u0131rma sa\u011flay\u0131c\u0131s\u0131<\/a> alt\u0131 y\u0131ld\u0131r s\u00fcrekli artan kullan\u0131c\u0131larla. 2014 y\u0131l\u0131nda Edinburgh&#8217;da kuruldu ve d\u00fcnyan\u0131n her yerinden insanlara m\u00fckemmel ve g\u00fcvenli bulut depolama yaz\u0131l\u0131m\u0131 sunmaya adanm\u0131\u015ft\u0131r. Yaln\u0131zca dosya depolaman\u0131n yan\u0131 s\u0131ra, dosya indirme, dosya payla\u015f\u0131m\u0131, maksimum h\u0131z ve daha fazlas\u0131 i\u00e7in ek hizmetler de sunar. Ve en iyi yan\u0131, kullan\u0131c\u0131 dosyalar\u0131n\u0131 s\u0131k\u0131 bir \u015fekilde korumak i\u00e7in en son g\u00fcvenlik protokolleriyle s\u00fcrekli g\u00fcncellenmesidir.<\/p>\n\n\n\n<h2>Fileboom&#8217;un Genel \u00d6zellikleri<\/h2>\n\n\n\n<ol><li>Kullan\u0131m\u0131 Kolay Platform. Fileboom kullan\u0131c\u0131 dostu olacak \u015fekilde tasarland\u0131, b\u00f6ylece herkes taraf\u0131ndan herhangi bir g\u00fc\u00e7l\u00fck \u00e7ekmeden kullan\u0131labilir. Teknik becerileriniz olmasa bile Fileboom&#8217;un k\u0131vr\u0131mlar\u0131na ve d\u00f6n\u00fc\u015flerine kolayca a\u015fina olabilirsiniz.<\/li><li>H\u0131zl\u0131 ve Sorunsuz Kay\u0131t. Fileboom&#8217;da bir hesaba kaydolmak yaln\u0131zca biraz zaman al\u0131r ve yaln\u0131zca birka\u00e7 basit ad\u0131ma ihtiya\u00e7 duyar. Ayr\u0131ca, size uygun olan se\u00e7ene\u011fi se\u00e7ebilmeniz i\u00e7in bir\u00e7ok \u00f6deme y\u00f6ntemi vard\u0131r.<\/li><li>Saklanan Dosyalar\u0131 Kolayca Eri\u015filebilir Hale Getirir. Fileboom, dosyalar\u0131n\u0131z\u0131 \u00e7evrimi\u00e7i depolayabilmeniz i\u00e7in size bir bulut depolama sistemi sa\u011flar. Bununla, dosyalar\u0131n\u0131za her zaman ve her yerden eri\u015febilmenizi sa\u011flar. Dosyalar\u0131n\u0131za, \u00e7evrimi\u00e7i olarak Fileboom web sitesine giderek diz\u00fcst\u00fc bilgisayar veya mobil cihazlardan kolayca eri\u015febilirsiniz.<\/li><li>Son Derece Korumal\u0131. Fileboom, veri koruma ve gizlili\u011fe \u00e7ok \u00f6nem ve \u00f6ncelik verir. Sistemi, yaz\u0131l\u0131m\u0131 bilgisayar korsanlar\u0131ndan veya herhangi bir harici a\u011fdan yetkisiz eri\u015fimden korumak i\u00e7in k\u00f6t\u00fc ama\u00e7l\u0131 yaz\u0131l\u0131mdan koruma ile olu\u015fturulmu\u015ftur. Dosyalar\u0131n gizli tutulaca\u011f\u0131n\u0131 ve yaln\u0131zca sizin taraf\u0131n\u0131zdan eri\u015filebilece\u011fini ve g\u00f6r\u00fclebilece\u011fini garanti eder (kas\u0131tl\u0131 olarak di\u011fer kullan\u0131c\u0131larla payla\u015fmad\u0131\u011f\u0131n\u0131z s\u00fcrece). Ayr\u0131ca, sistem i\u00e7inde yaln\u0131zca yasal i\u015flemlerin yap\u0131lmas\u0131n\u0131 sa\u011flamak i\u00e7in kesinlikle g\u00fcvenlik protokollerini uygular. Pornografi, \u00e7\u0131plakl\u0131k, \u015fiddet, sald\u0131rgan dosyalar ve benzeri yasa d\u0131\u015f\u0131 dosyalar\u0131 y\u00fcklemenize izin verilmez.<img loading=\"lazy\" width=\"232\" height=\"154\" alt=\"Secured Cloud Storage\" src=\"https:\/\/lh5.googleusercontent.com\/wsdQooJWYVSPD-z6yL3QeZltmWndS7hLD1TyBOnEE2G1bMwOe0yw3YNwFNeoiP5xli1eCxl_K11rEzCVMNRnQB4ybiVIYkhk-dRTm4rMFIzIHyJpG_jH0l2BbM4wZdV94R3U-yk\"><\/li><li>\u0130ndirme H\u0131z\u0131n\u0131 Art\u0131r\u0131r. Fileboom, \u00fccretsiz bir hesaba saniyede 100 MB indirme h\u0131z\u0131 sunar ve premium bir hesap i\u00e7in mevcut olan maksimum indirme h\u0131z\u0131n\u0131 sa\u011flar. 50 KB \/ saniye, \u00fccretsiz olarak 750 KB &#8211; 1,5 MB \/ saniye kadar h\u0131zl\u0131 indirir.<\/li><li>Uygun Fiyatl\u0131 Premium Hesaplar. Fileboom premium hesaplar\u0131, \u00f6\u011frencilerin bile kesinlikle yararlanabilece\u011fi 0,31 $ \/ g\u00fcn kadar d\u00fc\u015f\u00fck fiyatland\u0131r\u0131l\u0131r. Planlar\u0131n maliyeti s\u00fcre uzunlu\u011funa g\u00f6re de\u011fi\u015fir. Unutmay\u0131n: Abonelik plan\u0131 ne kadar uzunsa, alabilece\u011finiz indirim o kadar y\u00fcksek ve fiyat o kadar ucuz olur. Fiyatlar kesinlikle cebiniz i\u00e7in hafif ve sunaca\u011f\u0131 hizmet kesinlikle paran\u0131za de\u011fer olacakt\u0131r.<\/li><li>\u015eeffaf Kullan\u0131c\u0131 Aray\u00fcz\u00fc. Fileboom, dosyalar\u0131n\u0131z\u0131n raporlar\u0131n\u0131 ve ayr\u0131nt\u0131lar\u0131n\u0131 sa\u011flad\u0131\u011f\u0131 i\u00e7in kullan\u0131c\u0131lar\u0131 i\u00e7in \u015feffaft\u0131r. Dosya ad\u0131n\u0131, dosya boyutunu, y\u00fckleme zaman\u0131n\u0131 vb. G\u00f6sterir. Ayr\u0131ca, dosyalar\u0131n\u0131z \u00fczerinde tam kontrol sa\u011flar, b\u00f6ylece tercihlerinize g\u00f6re d\u00fczenleyebilirsiniz.<\/li><li>G\u00fcvenilir M\u00fc\u015fteri Hizmetleri. Yaz\u0131l\u0131m i\u00e7inde yard\u0131m ve destek hemen mevcuttur. Bir SSS sorusu vard\u0131r ve platformdaki ortak sorunlar\u0131 an\u0131nda ele almak ve size rehberlik etmek i\u00e7in yard\u0131m merkezi vard\u0131r. Bununla birlikte, sorununuz otomatik yard\u0131m sistemi taraf\u0131ndan yan\u0131tlanamazsa, destek sistemiyle e-posta yoluyla ileti\u015fime ge\u00e7ebilirsiniz ve m\u00fcmk\u00fcn oldu\u011funca h\u0131zl\u0131 yan\u0131t verecek ve endi\u015felerinize yard\u0131mc\u0131 olacaklard\u0131r.<\/li><\/ol>\n\n\n\n<h2>Fileboom&#8217;da Hesap A\u00e7ma<\/h2>\n\n\n\n<p>Fileboom&#8217;a kaydolmak ve kat\u0131lmak kolay bir \u015fekilde yap\u0131l\u0131r ve yaln\u0131zca birka\u00e7 dakika s\u00fcrer. Sadece ad\u0131n\u0131z, e-posta adresiniz gibi genel ayr\u0131nt\u0131lar\u0131 vermeniz ve bir \u015fifre belirlemeniz gerekir. Ard\u0131ndan, hesab\u0131n\u0131z\u0131 do\u011frulamak i\u00e7in e-postan\u0131za bir onay postas\u0131 g\u00f6nderecektir. Bir kez yapt\u0131ktan sonra, yararlanmak istedi\u011finiz plan\u0131 se\u00e7erek ve \u00f6demeye devam ederek kolayca bir Fileboom premium s\u00fcr\u00fcm\u00fcne y\u00fckseltebilirsiniz. Mastercard, Visa kart\u0131, American Express, Discover veya JCB ile \u00f6deme yapmay\u0131 se\u00e7ebilirsiniz. Bitcoin veya Paypal ile de \u00f6deme yapabilirsiniz. \u00d6demeler% 100 g\u00fcvenceye al\u0131n\u0131r ve hemen i\u015fleme al\u0131n\u0131r. \u00d6deme onayland\u0131ktan sonra, Fileboom hesab\u0131n\u0131z otomatik olarak premium s\u00fcr\u00fcme y\u00fckseltilir ve hizmetlerinden ve \u00f6zelliklerinden hemen yararlanmaya ba\u015flayabilirsiniz.<\/p>\n\n\n\n<h2>Fileboom \u00dccretsiz Hesap ve Fileboom Premium Hesab\u0131<\/h2>\n\n\n\n<figure class=\"wp-block-table\"><table><tbody><tr><td><\/td><td>Bedava hesap<\/td><td>\u00d6zel hesap<\/td><\/tr><tr><td>\u0130ndirme h\u0131z\u0131<\/td><td>100 MB \/ sec.<\/td><td>Maksimum ve s\u0131n\u0131rs\u0131z<\/td><\/tr><tr><td>Paralel \u0130ndirmeler<\/td><td>\u274c: \u0130zin verilmez<\/td><td>\u2714\ufe0f: S\u0131n\u0131rs\u0131z<\/td><\/tr><tr><td>\u0130ndirme S\u0131n\u0131r\u0131<\/td><td>Her saat 1 dosya<\/td><td>G\u00fcnl\u00fck 20 GB toplam dosya boyutu<\/td><\/tr><tr><td>Do\u011frudan \u0130ndirme Ba\u011flant\u0131lar\u0131<\/td><td>\u274c: Desteklenmiyor<\/td><td>\u2714\ufe0f: Destekleniyor<\/td><\/tr><tr><td>\u0130ndirme Ba\u015flang\u0131c\u0131<\/td><td>Gecikmelerle<\/td><td>Hemen ba\u015flar<\/td><\/tr><tr><td>\u0130ndirmeyi Oynat \/ Duraklat \/ Durdur<\/td><td>\u274c: Mevcut de\u011fil<\/td><td>\u2714\ufe0f: Devam ettirilebilir indirme<\/td><\/tr><tr><td>\u00dc\u00e7\u00fcnc\u00fc Taraftan \u0130ndir<\/td><td>\u274c: Desteklenmiyor<\/td><td>\u2714\ufe0f: Destekleniyor<\/td><\/tr><tr><td>Pop-up Reklamlar ve Captcha&#8217;lar<\/td><td>\u2714\ufe0f: zaman zaman reklam a\u00e7\u0131l\u0131r pencereleri ve captcha&#8217;larla<\/td><td>\u274c: Reklam kesintisi yok<\/td><\/tr><tr><td>Y\u00fckleme \/ \u0130ndirme Ba\u015f\u0131na Dosya Boyutu<\/td><td>Her dosya i\u00e7in 500 MB<\/td><td>Her dosya i\u00e7in 5 GB<\/td><\/tr><tr><td>\u0130ndirme i\u00e7in Bekleme S\u00fcresi<\/td><td>30 saniye<\/td><td>Yok; indirme an\u0131nda ba\u015flar<\/td><\/tr><tr><td>Dosya Saklama S\u00fcresi<\/td><td>1 ay<\/td><td>3 ay<\/td><\/tr><\/tbody><\/table><\/figure>\n\n\n\n<h2>Fileboom Premium Hesap Planlar\u0131<\/h2>\n\n\n\n<p>Fileboom, kullan\u0131m s\u00fcresine ba\u011fl\u0131 olarak 3 g\u00fcnden k\u0131sa bir y\u0131la kadar d\u00f6rt farkl\u0131 plan t\u00fcr\u00fc sunar. Fiyatlar 6,90 dolardan 113,95 dolara kadar de\u011fi\u015fiyor. Daha uzun planla maliyet \u00e7ok daha d\u00fc\u015f\u00fckt\u00fcr. \u0130\u015fte t\u00fcm planlar\u0131n fiyatlar\u0131n\u0131n ve uzunluklar\u0131n\u0131n d\u00f6k\u00fcm\u00fc:<\/p>\n\n\n<a class=\"maxbutton-1 maxbutton maxbutton-cta\" target=\"_blank\" rel=\"nofollow noopener\" href=\"\/go\/\"><span class='mb-text'>&gt;&gt; Original Fileboom.me web sitesine gidin<\/span><\/a>\n\n\n<p><\/p>\n\n\n\n<figure class=\"wp-block-table\"><table><tbody><tr><td>Premium Plan\u0131n S\u00fcresi<\/td><td>G\u00fcnl\u00fck maliyet<\/td><td>Toplam fiyat<\/td><\/tr><tr><td>3 g\u00fcnler<\/td><td>$2.32\/ g\u00fcn<\/td><td>$6.90<\/td><\/tr><tr><td>30 g\u00fcnler<\/td><td>$0.56\/ g\u00fcn<\/td><td>$16.95<\/td><\/tr><tr><td>90 g\u00fcnler<\/td><td>$0.47\/ g\u00fcn<\/td><td>$41.95<\/td><\/tr><tr><td>365 g\u00fcnler<\/td><td>$0.31\/ g\u00fcn<\/td><td>$113.95<\/td><\/tr><\/tbody><\/table><\/figure>\n\n\n\n<h2>Fileboom Premium Hesab\u0131n\u0131n Faydalar\u0131<\/h2>\n\n\n\n<ul><li>Maksimum indirme h\u0131z\u0131<\/li><li>Ayn\u0131 anda indirilebilir<\/li><li>Dosyalar\u0131 her g\u00fcn 20 GB&#8217;a kadar indirin<\/li><li>Do\u011frudan ba\u011flant\u0131lar mevcuttur<\/li><li>Y\u00fckleme ve indirme s\u0131ras\u0131nda bekleme s\u00fcresi yok; hemen ba\u015flar<\/li><li>Captcha&#8217;lardan ve reklam a\u00e7\u0131l\u0131r pencerelerinden rahats\u0131zl\u0131k yok<\/li><li>\u0130ndirmeler devam edebilir<\/li><li>\u0130ndirme y\u00f6neticileri mevcut<\/li><li>5 GB dosya boyutuna kadar y\u00fckleyin ve indirin<\/li><li>Dosya silme i\u015flemi yaln\u0131zca 90 g\u00fcn i\u00e7inde ger\u00e7ekle\u015fir<\/li><li><a href=\"https:\/\/en.wikipedia.org\/wiki\/Hypertext_Transfer_Protocol\" target=\"_blank\" rel=\"noreferrer noopener\">HTTP<\/a> ve <a href=\"https:\/\/en.wikipedia.org\/wiki\/File_Transfer_Protocol\" target=\"_blank\" rel=\"noreferrer noopener\">FTP<\/a> destekli<\/li><\/ul>\n\n\n\n<h2>Fileboom&#8217;da Dosyalar\u0131 Y\u00fckleme ve \u0130ndirme<\/h2>\n\n\n\n<p>Fileboom&#8217;da dosya y\u00fcklemek ve indirmek \u00e7ok kolay. Platform, olabildi\u011fince basit ve verimli olacak \u015fekilde tasarlanm\u0131\u015ft\u0131r. Dosyalar\u0131n y\u00fcklenmesi, b\u0131rakma ve s\u00fcr\u00fckleme i\u015fleviyle kolayca yap\u0131labilir. Sadece y\u00fckleme b\u00f6l\u00fcm\u00fcne gitmeniz ve y\u00fcklemek istedi\u011finiz dosyalar\u0131 s\u00fcr\u00fcklemeniz yeterlidir. Ayn\u0131 anda birden fazla dosya y\u00fckleyebilirsiniz. \u0130ndirmeye gelince, hesab\u0131n\u0131zdaki veya veritaban\u0131n\u0131zdaki her dosyan\u0131n alt\u0131nda g\u00f6sterilen bir indirme d\u00fc\u011fmesi olacakt\u0131r. Bu dosyay\u0131 indirmek isterseniz, indirme d\u00fc\u011fmesine t\u0131klaman\u0131z yeterlidir ve otomatik olarak indirmeye ba\u015flayacakt\u0131r.<\/p>\n\n\n\n<p>Y\u00fckleme ve indirme ayarlar\u0131 hem \u00fccretsiz hem de premium hesaplar i\u00e7in ayn\u0131d\u0131r, ancak h\u0131z ve performans s\u00f6z konusu oldu\u011funda farkl\u0131l\u0131k g\u00f6sterir. Premium hesaplar kesinlikle daha h\u0131zl\u0131 olacak ve paralel indirmeler, dosya ba\u015f\u0131na veya g\u00fcnl\u00fck olarak daha b\u00fcy\u00fck indirme boyutu, devam ettirilebilir ve daha fazlas\u0131 gibi daha fazla \u00f6zellik sa\u011flayacak.<\/p>\n\n\n\n<h2>Dosya Y\u00f6netimi<\/h2>\n\n\n\n<p>Fileboom&#8217;daki dosyalar\u0131n\u0131z \u00fczerinde tam kontrole sahipsiniz. Sisteme y\u00fcklenen t\u00fcm dosyalara yaln\u0131zca siz eri\u015febilirsiniz. Dosyalar\u0131n\u0131z\u0131 nas\u0131l organize etmek istedi\u011finizi se\u00e7ebilirsiniz. Gelecekte onlara kolayca eri\u015febilmeniz i\u00e7in dosyalar\u0131n\u0131z\u0131 grupland\u0131rmak i\u00e7in klas\u00f6rler olu\u015fturabilir ve dosya adlar\u0131n\u0131 da de\u011fi\u015ftirebilirsiniz. Arama i\u015flevi de mevcuttur, b\u00f6ylece dosyalar\u0131n\u0131z aras\u0131nda arama yapabilir ve onlar\u0131 kolayca bulabilirsiniz.<\/p>\n\n\n\n<h2>Fileboom Hakk\u0131nda Son S\u00f6z<\/h2>\n\n\n\n<p>Fileboom kesinlikle orada bulunan en iyi, uygun fiyatl\u0131 ve y\u00fcksek g\u00fcvenlikli dosya bar\u0131nd\u0131rma sa\u011flay\u0131c\u0131lar\u0131ndan biridir. Dosya depolamak i\u00e7in ihtiyac\u0131n\u0131z olan hemen hemen t\u00fcm hizmetleri sunar: b\u00fcy\u00fck depolama alan\u0131, maksimum h\u0131z, geni\u015f bant geni\u015fli\u011fi, korumal\u0131 sistem ve \u00e7ok daha fazlas\u0131. Fileboom Premium Hesab\u0131 ile t\u00fcm avantajlar\u0131ndan yararlan\u0131n ve bulut depolama deneyiminizi de\u011ferli hale getirin.<\/p>\n\n\n\n<h2>Fileboom Hakk\u0131nda S\u0131k Sorulan Sorular (SSS)<\/h2>\n\n\n\n<h3>Fileboom nedir?<\/h3>\n\n\n\n<p>Fileboom bir dosya bar\u0131nd\u0131rma sa\u011flay\u0131c\u0131s\u0131d\u0131r <a href=\"https:\/\/en.wikipedia.org\/wiki\/Cloud_storage\" target=\"_blank\" rel=\"noreferrer noopener\">Bulut depolama<\/a> dosyalar\u0131n\u0131z i\u00e7in sistem, b\u00f6ylece dosyalar\u0131 \u00e7evrimi\u00e7i olarak kaydedebilir, y\u00fckleyebilir veya indirebilir ve bunlara her zaman ve her yerde kolayca eri\u015febilirsiniz. Ayr\u0131ca, dosya depolamay\u0131 daha verimli hale getirmek i\u00e7in \u00e7ok daha h\u0131zl\u0131 bir indirme h\u0131z\u0131 ve daha b\u00fcy\u00fck depolama alan\u0131 sa\u011flar.<\/p>\n\n\n\n<h3>Fileboom \u00dccretsiz mi?<\/h3>\n\n\n\n<p>Evet, \u00fccretsiz bir hesap \u00fczerinden \u00fccretsiz olarak kullan\u0131labilir ancak hizmetler olduk\u00e7a s\u0131n\u0131rl\u0131d\u0131r. Bulut depolamadan ve Fileboom&#8217;un sundu\u011fu \u015feylerden yararlanmak istiyorsan\u0131z, premium bir hesaba y\u00fckseltmeniz \u015fiddetle tavsiye edilir.<\/p>\n\n\n\n<h3>Fileboom Premium Hesab\u0131&#8217;ndan nas\u0131l yararlanabilirim?<\/h3>\n\n\n\n<p>\u0130lk \u00f6nce kay\u0131t olman\u0131z ve hesab\u0131n\u0131z\u0131 premium hesaba y\u00fckseltmeniz gerekir. Kullanmak istedi\u011finiz premium plan\u0131 se\u00e7in ve mevcut \u00f6deme y\u00f6ntemleriyle (Visa, Mastercard, American Express, Bitcoin, Paypal, JCB, Discover) \u00f6deme yap\u0131n. \u00d6deme ba\u015far\u0131l\u0131 oldu\u011funda, hesab\u0131n\u0131z hemen bir premium s\u00fcr\u00fcme y\u00fckseltilecektir.<\/p>\n\n\n\n<h3>Fileboom M\u00fc\u015fteri Hizmetleri ile nas\u0131l ileti\u015fime ge\u00e7ebilirim?<\/h3>\n\n\n\n<p>Herhangi bir sorunla kar\u015f\u0131la\u015f\u0131rsan\u0131z ve yard\u0131m isterseniz, destek sistemiyle e-posta yoluyla ileti\u015fime ge\u00e7ebilirsiniz. Sorunlar\u0131n\u0131z\u0131 ve endi\u015felerinizi help@fileboompremium.com veya support@fileboompremium.com adresine g\u00f6nderin.<\/p>\n\n\n\n<h3>Fileboom&#8217;da para iadesi var m\u0131?<\/h3>\n\n\n\n<p>Ge\u00e7erli bir endi\u015feniz oldu\u011fu veya Fileboom&#8217;u kullan\u0131rken bir sorunla kar\u015f\u0131la\u015ft\u0131\u011f\u0131n\u0131z s\u00fcrece aboneliklerinizden geri \u00e7ekilmek istiyorsan\u0131z, yaln\u0131zca 24 saat i\u00e7inde para iadesi yap\u0131labilir.<\/p>\n\n\n<a class=\"maxbutton-1 maxbutton maxbutton-cta\" target=\"_blank\" rel=\"nofollow noopener\" href=\"\/go\/\"><span class='mb-text'>&gt;&gt; Original Fileboom.me web sitesine gidin<\/span><\/a>\n\n\n<p><\/p>\n","protected":false},"excerpt":{"rendered":"<p>Teknolojinin geli\u015fmesi nedeniyle neredeyse her \u015fey sanala y\u00fckseltildi\u011finde dosya depolama yayg\u0131nla\u015ft\u0131. Bu son zamanlarda, her g\u00fcn \u00e7ok say\u0131da dosya yap\u0131l\u0131yor &#8211; sadece bir an\u0131 hat\u0131rlamak i\u00e7in foto\u011fraf ve video \u00e7ekmekten, okul gereksinimleri i\u00e7in bir belge haz\u0131rlamaktan, i\u015fle ilgili dosyalar\u0131 kaydetmeye ve aktarmaya kadar ve daha pek \u00e7ok \u015fey. Bu nedenle dosya depolama, ki\u015finin hayat\u0131n\u0131n \u00f6nemli [&hellip;]<\/p>\n","protected":false},"author":7,"featured_media":0,"parent":0,"menu_order":0,"comment_status":"closed","ping_status":"closed","template":"full-width.php","meta":[],"_links":{"self":[{"href":"https:\/\/filebooms.com\/tr\/wp-json\/wp\/v2\/pages\/285"}],"collection":[{"href":"https:\/\/filebooms.com\/tr\/wp-json\/wp\/v2\/pages"}],"about":[{"href":"https:\/\/filebooms.com\/tr\/wp-json\/wp\/v2\/types\/page"}],"author":[{"embeddable":true,"href":"https:\/\/filebooms.com\/tr\/wp-json\/wp\/v2\/users\/7"}],"replies":[{"embeddable":true,"href":"https:\/\/filebooms.com\/tr\/wp-json\/wp\/v2\/comments?post=285"}],"version-history":[{"count":1,"href":"https:\/\/filebooms.com\/tr\/wp-json\/wp\/v2\/pages\/285\/revisions"}],"predecessor-version":[{"id":298,"href":"https:\/\/filebooms.com\/tr\/wp-json\/wp\/v2\/pages\/285\/revisions\/298"}],"wp:attachment":[{"href":"https:\/\/filebooms.com\/tr\/wp-json\/wp\/v2\/media?parent=285"}],"curies":[{"name":"wp","href":"https:\/\/api.w.org\/{rel}","templated":true}]}}